{"id":77,"date":"2018-02-24T19:58:39","date_gmt":"2018-02-24T19:58:39","guid":{"rendered":"https:\/\/raumplanung789025437.wordpress.com\/?page_id=77"},"modified":"2026-04-30T12:24:44","modified_gmt":"2026-04-30T12:24:44","slug":"team","status":"publish","type":"page","link":"https:\/\/www.raum-planung.at\/index.php\/team\/","title":{"rendered":"Team"},"content":{"rendered":"\n<p class=\"has-text-align-center\" data-block-type=\"core\"><em>\u201e<\/em>Unser B\u00fcro ist zuverl\u00e4ssiger Partner bei der L\u00f6sung und Umsetzung raumrelevanter Fragestellungen. Nehmen Sie mit uns Kontakt auf, wir freuen uns, wenn wir Sie auf Ihrem Weg unterst\u00fctzen k\u00f6nnen!<em>\u201c<\/em><\/p>\n\n\n\n<p class=\"has-text-align-center\" data-block-type=\"core\"><strong>Dipl.-Ing.<sup>in<\/sup> Evelyn Brito und Dipl.-Ing. Florian Huysza<\/strong><\/p>\n\n\n\n<div class=\"wp-block-stackable-spacer stk-block-spacer stk--no-padding stk-block stk-f3048f8\" data-block-id=\"f3048f8\"><\/div>\n\n\n\n<div class=\"wp-block-stackable-divider stk-block-divider stk-block stk-0931c7f\" data-block-id=\"0931c7f\"><style>.stk-0931c7f hr.stk-block-divider__hr{width:100% !important}<\/style><hr class=\"stk-block-divider__hr\"\/><\/div>\n\n\n\n<div class=\"wp-block-stackable-columns stk-block-columns stk-block stk-2d666de\" data-block-id=\"2d666de\"><div class=\"stk-row stk-inner-blocks stk-block-content stk-content-align stk-2d666de-column\">\n<div class=\"wp-block-stackable-column stk-block-column stk-column stk-block stk-b6f9c6c\" data-v=\"4\" data-block-id=\"b6f9c6c\"><style>.stk-b6f9c6c-inner-blocks{align-items:flex-start !important}<\/style><div class=\"stk-column-wrapper stk-block-column__content stk-container stk-b6f9c6c-container stk--no-background stk--no-padding\"><div class=\"has-text-align-left stk--column-flex stk-block-content stk-inner-blocks stk-b6f9c6c-inner-blocks\">\n<div class=\"wp-block-stackable-heading stk-block-heading stk-block-heading--v2 stk-block stk-ac1806d\" id=\"dipl-ing-sup-in-sup-evelyn-brito\" data-block-id=\"ac1806d\"><h3 class=\"stk-block-heading__text\">Dipl.-Ing.<sup>in<\/sup>  Evelyn Brito<\/h3><\/div>\n\n\n\n<p data-block-type=\"core\">Ingenieurkonsulentin f\u00fcr <br>Raumplanung und Raumordnung<\/p>\n\n\n\n<p data-block-type=\"core\">Nichtamtliche Sachverst\u00e4ndige in Nieder\u00f6sterreich f\u00fcr Raumplanung und Raumordnung<\/p>\n\n\n\n<p data-block-type=\"core\">T: <a href=\"tel:025732191911\">02573 21919-11<\/a><br>M: <a href=\"tel:069912015179\">0699 12015179<\/a><br>E: <a href=\"&#109;&#97;&#x69;&#x6c;&#116;&#111;&#x3a;&#x62;&#114;&#105;&#x74;&#x6f;&#64;&#114;&#x61;&#x75;&#109;&#45;&#x70;&#x6c;&#97;&#110;&#x75;&#x6e;&#103;&#46;&#x61;&#x74;\">&#x62;&#x72;&#x69;&#x74;&#x6f;&#x40;&#x72;&#x61;&#x75;&#x6d;&#x2d;&#x70;&#x6c;&#x61;&#110;&#117;&#110;&#103;&#46;&#97;&#116;<\/a><br><br><br><\/p>\n<\/div><\/div><\/div>\n\n\n\n<div class=\"wp-block-stackable-column stk-block-column stk-column stk-block stk-ed73f0a\" data-v=\"4\" data-block-id=\"ed73f0a\"><div class=\"stk-column-wrapper stk-block-column__content stk-container stk-ed73f0a-container stk--no-background stk--no-padding\"><div class=\"stk-block-content stk-inner-blocks stk-ed73f0a-inner-blocks\">\n<figure class=\"wp-block-image size-large\" data-block-type=\"core\"><img loading=\"lazy\" decoding=\"async\" width=\"1024\" height=\"603\" src=\"https:\/\/www.raum-planung.at\/wp-content\/uploads\/2024\/04\/ueber-uns-1-1024x603.webp\" alt=\"\" class=\"wp-image-1383\" srcset=\"https:\/\/www.raum-planung.at\/wp-content\/uploads\/2024\/04\/ueber-uns-1-1024x603.webp 1024w, https:\/\/www.raum-planung.at\/wp-content\/uploads\/2024\/04\/ueber-uns-1-300x177.webp 300w, https:\/\/www.raum-planung.at\/wp-content\/uploads\/2024\/04\/ueber-uns-1-768x452.webp 768w, https:\/\/www.raum-planung.at\/wp-content\/uploads\/2024\/04\/ueber-uns-1-1536x904.webp 1536w, https:\/\/www.raum-planung.at\/wp-content\/uploads\/2024\/04\/ueber-uns-1-772x454.webp 772w, https:\/\/www.raum-planung.at\/wp-content\/uploads\/2024\/04\/ueber-uns-1-1230x724.webp 1230w, https:\/\/www.raum-planung.at\/wp-content\/uploads\/2024\/04\/ueber-uns-1-314x185.webp 314w, https:\/\/www.raum-planung.at\/wp-content\/uploads\/2024\/04\/ueber-uns-1.webp 2048w\" sizes=\"(max-width: 1024px) 100vw, 1024px\" \/><\/figure>\n<\/div><\/div><\/div>\n<\/div><\/div>\n\n\n\n<div class=\"wp-block-stackable-divider stk-block-divider stk-block stk-2d24b15\" data-block-id=\"2d24b15\"><style>.stk-2d24b15 hr.stk-block-divider__hr{width:100% !important}<\/style><hr class=\"stk-block-divider__hr\"\/><\/div>\n\n\n\n<div class=\"wp-block-stackable-columns stk-block-columns stk-block stk-d209394\" data-block-id=\"d209394\"><div class=\"stk-row stk-inner-blocks stk-block-content stk-content-align stk-d209394-column\">\n<div class=\"wp-block-stackable-column stk-block-column stk-column stk--hide-mobile stk-block stk-9d0ca7d\" data-v=\"4\" data-block-id=\"9d0ca7d\"><style>@media screen and (min-width:768px){.stk-9d0ca7d{flex:var(--stk-flex-grow,1) 1 calc(50.2% - var(--stk-column-gap,0px) * 1 \/ 2 ) !important}}<\/style><div class=\"stk-column-wrapper stk-block-column__content stk-container stk-9d0ca7d-container stk--no-background stk--no-padding\"><div class=\"stk-block-content stk-inner-blocks stk-9d0ca7d-inner-blocks\">\n<figure class=\"wp-block-image size-large\" data-block-type=\"core\"><img loading=\"lazy\" decoding=\"async\" width=\"1024\" height=\"603\" src=\"https:\/\/www.raum-planung.at\/wp-content\/uploads\/2024\/04\/ueber-uns-2-1024x603.webp\" alt=\"\" class=\"wp-image-1387\" srcset=\"https:\/\/www.raum-planung.at\/wp-content\/uploads\/2024\/04\/ueber-uns-2-1024x603.webp 1024w, https:\/\/www.raum-planung.at\/wp-content\/uploads\/2024\/04\/ueber-uns-2-300x177.webp 300w, https:\/\/www.raum-planung.at\/wp-content\/uploads\/2024\/04\/ueber-uns-2-768x452.webp 768w, https:\/\/www.raum-planung.at\/wp-content\/uploads\/2024\/04\/ueber-uns-2-1536x904.webp 1536w, https:\/\/www.raum-planung.at\/wp-content\/uploads\/2024\/04\/ueber-uns-2-772x454.webp 772w, https:\/\/www.raum-planung.at\/wp-content\/uploads\/2024\/04\/ueber-uns-2-1230x724.webp 1230w, https:\/\/www.raum-planung.at\/wp-content\/uploads\/2024\/04\/ueber-uns-2-314x185.webp 314w, https:\/\/www.raum-planung.at\/wp-content\/uploads\/2024\/04\/ueber-uns-2.webp 2048w\" sizes=\"(max-width: 1024px) 100vw, 1024px\" \/><\/figure>\n<\/div><\/div><\/div>\n\n\n\n<div class=\"wp-block-stackable-column stk-block-column stk-column stk-block stk-4313228\" data-v=\"4\" data-block-id=\"4313228\"><style>@media screen and (min-width:768px){.stk-4313228{flex:var(--stk-flex-grow,1) 1 calc(49.8% - var(--stk-column-gap,0px) * 1 \/ 2 ) !important}}<\/style><div class=\"stk-column-wrapper stk-block-column__content stk-container stk-4313228-container stk--no-background stk--no-padding\"><div class=\"stk-block-content stk-inner-blocks stk-4313228-inner-blocks\">\n<div class=\"wp-block-stackable-heading stk-block-heading stk-block-heading--v2 stk-block stk-1681422\" id=\"dipl-ing-florian-huysza\" data-block-id=\"1681422\"><h3 class=\"stk-block-heading__text\">Dipl.-Ing. Florian Huysza<\/h3><\/div>\n\n\n\n<p data-block-type=\"core\">Ingenieurkonsulent f\u00fcr <br>Raumplanung und Raumordnung<\/p>\n\n\n\n<p data-block-type=\"core\">Akademischer Geoinformatiker<br>Systemischer Coach<\/p>\n\n\n\n<p data-block-type=\"core\">M: <a href=\"tel:06769202544\">0676 9202544<\/a><br>T: <a href=\"tel:02573 2191912\">02573  21919-12<\/a><br>E: <a href=\"&#x6d;a&#x69;&#108;&#x74;&#111;:&#x68;&#117;&#x79;&#115;z&#x61;&#64;&#x72;&#97;u&#x6d;-&#x70;&#108;&#x61;&#x6e;u&#x6e;&#103;&#x2e;&#97;t\">&#104;&#x75;&#121;&#x73;z&#x61;&#64;&#114;&#x61;&#117;&#x6d;-&#x70;l&#97;&#x6e;&#117;&#x6e;g&#x2e;a&#116;<\/a><br><\/p>\n<\/div><\/div><\/div>\n<\/div><\/div>\n\n\n\n<div class=\"wp-block-stackable-columns stk-block-columns stk--hide-desktop stk--hide-tablet stk-block stk-db6de56\" data-block-id=\"db6de56\"><div class=\"stk-row stk-inner-blocks stk-block-content stk-content-align stk-db6de56-column\">\n<div class=\"wp-block-stackable-column stk-block-column stk-column stk-block stk-d54e557\" data-v=\"4\" data-block-id=\"d54e557\"><div class=\"stk-column-wrapper stk-block-column__content stk-container stk-d54e557-container stk--no-background stk--no-padding\"><div class=\"stk-block-content stk-inner-blocks stk-d54e557-inner-blocks\">\n<figure class=\"wp-block-image size-large\" data-block-type=\"core\"><img loading=\"lazy\" decoding=\"async\" width=\"1024\" height=\"603\" src=\"https:\/\/www.raum-planung.at\/wp-content\/uploads\/2024\/04\/ueber-uns-2-1024x603.webp\" alt=\"\" class=\"wp-image-1387\" srcset=\"https:\/\/www.raum-planung.at\/wp-content\/uploads\/2024\/04\/ueber-uns-2-1024x603.webp 1024w, https:\/\/www.raum-planung.at\/wp-content\/uploads\/2024\/04\/ueber-uns-2-300x177.webp 300w, https:\/\/www.raum-planung.at\/wp-content\/uploads\/2024\/04\/ueber-uns-2-768x452.webp 768w, https:\/\/www.raum-planung.at\/wp-content\/uploads\/2024\/04\/ueber-uns-2-1536x904.webp 1536w, https:\/\/www.raum-planung.at\/wp-content\/uploads\/2024\/04\/ueber-uns-2-772x454.webp 772w, https:\/\/www.raum-planung.at\/wp-content\/uploads\/2024\/04\/ueber-uns-2-1230x724.webp 1230w, https:\/\/www.raum-planung.at\/wp-content\/uploads\/2024\/04\/ueber-uns-2-314x185.webp 314w, https:\/\/www.raum-planung.at\/wp-content\/uploads\/2024\/04\/ueber-uns-2.webp 2048w\" sizes=\"(max-width: 1024px) 100vw, 1024px\" \/><\/figure>\n<\/div><\/div><\/div>\n<\/div><\/div>\n\n\n\n<div class=\"wp-block-stackable-divider stk-block-divider stk-block stk-f42239b\" data-block-id=\"f42239b\"><style>.stk-f42239b hr.stk-block-divider__hr{width:100% !important}<\/style><hr class=\"stk-block-divider__hr\"\/><\/div>\n\n\n\n<div class=\"wp-block-stackable-columns stk-block-columns stk-block stk-07cb6bb\" data-block-id=\"07cb6bb\"><div class=\"stk-row stk-inner-blocks stk-block-content stk-content-align stk-07cb6bb-column\">\n<div class=\"wp-block-stackable-column stk-block-column stk-column stk-block stk-6f414c2\" data-v=\"4\" data-block-id=\"6f414c2\"><style>.stk-6f414c2-inner-blocks{align-items:flex-start !important}<\/style><div class=\"stk-column-wrapper stk-block-column__content stk-container stk-6f414c2-container stk--no-background stk--no-padding\"><div class=\"has-text-align-left stk--column-flex stk-block-content stk-inner-blocks stk-6f414c2-inner-blocks\">\n<div class=\"wp-block-stackable-heading stk-block-heading stk-block-heading--v2 stk-block stk-962653d\" id=\"dipl-ing-sup-in-sup-sonja-dominkovics\" data-block-id=\"962653d\"><h3 class=\"stk-block-heading__text\">Dipl.-Ing.<sup>in<\/sup>  Sonja Dominkovics<\/h3><\/div>\n\n\n\n<p data-block-type=\"core\">Landschaftsplanerin und Landschaftsarchitektin<\/p>\n\n\n\n<p data-block-type=\"core\">T: <a href=\"tel:025732191913\">02573 21919-13<\/a><br>E: <a href=\"&#x6d;&#x61;&#x69;&#x6c;&#x74;&#x6f;&#x3a;&#x64;&#x6f;&#x6d;&#x69;&#x6e;&#x6b;&#x6f;&#x76;&#x69;&#x63;&#x73;&#x40;&#x72;&#x61;&#x75;&#x6d;&#x2d;&#x70;&#x6c;&#x61;&#x6e;&#x75;&#x6e;&#x67;&#x2e;&#x61;&#x74;\">&#x64;&#x6f;&#109;&#105;&#110;k&#x6f;&#x76;&#x69;&#99;&#115;&#64;r&#x61;&#x75;&#x6d;&#45;&#112;l&#x61;&#x6e;&#x75;&#110;&#103;&#46;a&#x74;<\/a><br><br><br><\/p>\n<\/div><\/div><\/div>\n\n\n\n<div class=\"wp-block-stackable-column stk-block-column stk-column stk-block stk-29d222d\" data-v=\"4\" data-block-id=\"29d222d\"><div class=\"stk-column-wrapper stk-block-column__content stk-container stk-29d222d-container stk--no-background stk--no-padding\"><div class=\"stk-block-content stk-inner-blocks stk-29d222d-inner-blocks\">\n<figure class=\"wp-block-image size-large\" data-block-type=\"core\"><img loading=\"lazy\" decoding=\"async\" width=\"1024\" height=\"603\" src=\"https:\/\/www.raum-planung.at\/wp-content\/uploads\/2024\/04\/ueber-uns-3-1024x603.webp\" alt=\"\" class=\"wp-image-1391\" srcset=\"https:\/\/www.raum-planung.at\/wp-content\/uploads\/2024\/04\/ueber-uns-3-1024x603.webp 1024w, https:\/\/www.raum-planung.at\/wp-content\/uploads\/2024\/04\/ueber-uns-3-300x177.webp 300w, https:\/\/www.raum-planung.at\/wp-content\/uploads\/2024\/04\/ueber-uns-3-768x452.webp 768w, https:\/\/www.raum-planung.at\/wp-content\/uploads\/2024\/04\/ueber-uns-3-1536x904.webp 1536w, https:\/\/www.raum-planung.at\/wp-content\/uploads\/2024\/04\/ueber-uns-3-772x454.webp 772w, https:\/\/www.raum-planung.at\/wp-content\/uploads\/2024\/04\/ueber-uns-3-1230x724.webp 1230w, https:\/\/www.raum-planung.at\/wp-content\/uploads\/2024\/04\/ueber-uns-3-314x185.webp 314w, https:\/\/www.raum-planung.at\/wp-content\/uploads\/2024\/04\/ueber-uns-3.webp 2048w\" sizes=\"(max-width: 1024px) 100vw, 1024px\" \/><\/figure>\n<\/div><\/div><\/div>\n<\/div><\/div>\n\n\n\n<div class=\"wp-block-stackable-divider stk-block-divider stk-block stk-3e6d303\" data-block-id=\"3e6d303\"><style>.stk-3e6d303 hr.stk-block-divider__hr{width:100% !important}<\/style><hr class=\"stk-block-divider__hr\"\/><\/div>\n\n\n\n<div class=\"wp-block-stackable-columns stk-block-columns stk-block stk-5f70072\" data-block-id=\"5f70072\"><div class=\"stk-row stk-inner-blocks stk-block-content stk-content-align stk-5f70072-column\">\n<div class=\"wp-block-stackable-column stk-block-column stk-column stk--hide-mobile stk-block stk-f1a7dd3\" data-v=\"4\" data-block-id=\"f1a7dd3\"><div class=\"stk-column-wrapper stk-block-column__content stk-container stk-f1a7dd3-container stk--no-background stk--no-padding\"><div class=\"stk-block-content stk-inner-blocks stk-f1a7dd3-inner-blocks\">\n<figure class=\"wp-block-image size-large\" data-block-type=\"core\"><img loading=\"lazy\" decoding=\"async\" width=\"1024\" height=\"603\" src=\"https:\/\/www.raum-planung.at\/wp-content\/uploads\/2024\/04\/ueber-uns-4-1024x603.webp\" alt=\"\" class=\"wp-image-1396\" srcset=\"https:\/\/www.raum-planung.at\/wp-content\/uploads\/2024\/04\/ueber-uns-4-1024x603.webp 1024w, https:\/\/www.raum-planung.at\/wp-content\/uploads\/2024\/04\/ueber-uns-4-300x177.webp 300w, https:\/\/www.raum-planung.at\/wp-content\/uploads\/2024\/04\/ueber-uns-4-768x452.webp 768w, https:\/\/www.raum-planung.at\/wp-content\/uploads\/2024\/04\/ueber-uns-4-1536x904.webp 1536w, https:\/\/www.raum-planung.at\/wp-content\/uploads\/2024\/04\/ueber-uns-4-772x454.webp 772w, https:\/\/www.raum-planung.at\/wp-content\/uploads\/2024\/04\/ueber-uns-4-1230x724.webp 1230w, https:\/\/www.raum-planung.at\/wp-content\/uploads\/2024\/04\/ueber-uns-4-314x185.webp 314w, https:\/\/www.raum-planung.at\/wp-content\/uploads\/2024\/04\/ueber-uns-4.webp 2048w\" sizes=\"(max-width: 1024px) 100vw, 1024px\" \/><\/figure>\n<\/div><\/div><\/div>\n\n\n\n<div class=\"wp-block-stackable-column stk-block-column stk-column stk-block stk-8591788\" data-v=\"4\" data-block-id=\"8591788\"><div class=\"stk-column-wrapper stk-block-column__content stk-container stk-8591788-container stk--no-background stk--no-padding\"><div class=\"stk-block-content stk-inner-blocks stk-8591788-inner-blocks\">\n<div class=\"wp-block-stackable-heading stk-block-heading stk-block-heading--v2 stk-block stk-bed8685\" id=\"dipl-ing-sup-in-sup-miriam-hrauda\" data-block-id=\"bed8685\"><h3 class=\"stk-block-heading__text\">Dipl.-Ing.<sup>in<\/sup> Miriam Hrauda<\/h3><\/div>\n\n\n\n<p data-block-type=\"core\">Raumplanerin<\/p>\n\n\n\n<p class=\"has-text-align-left\" data-block-type=\"core\">T: <a href=\"tel:025732191910\">02573 21919-10<\/a><br>M: <a href=\"tel:06643925266\">0664 3925266<\/a><br>E: <a href=\"mailto:hrauda&#64;raum-planu&#110;&#103;&#46;&#97;&#116;\">&#x68;&#114;a&#x75;&#100;a&#x40;&#114;a&#x75;&#x6d;&#45;&#x70;&#x6c;&#97;n&#x75;&#110;g&#x2e;&#97;t<\/a><\/p>\n<\/div><\/div><\/div>\n<\/div><\/div>\n\n\n\n<div class=\"wp-block-stackable-columns stk-block-columns stk--hide-desktop stk--hide-tablet stk-block stk-e7e4578\" data-block-id=\"e7e4578\"><div class=\"stk-row stk-inner-blocks stk-block-content stk-content-align stk-e7e4578-column\">\n<div class=\"wp-block-stackable-column stk-block-column stk-column stk-block stk-5c5ed0f\" data-v=\"4\" data-block-id=\"5c5ed0f\"><div class=\"stk-column-wrapper stk-block-column__content stk-container stk-5c5ed0f-container stk--no-background stk--no-padding\"><div class=\"stk-block-content stk-inner-blocks stk-5c5ed0f-inner-blocks\">\n<figure class=\"wp-block-image size-large\" data-block-type=\"core\"><img loading=\"lazy\" decoding=\"async\" width=\"1024\" height=\"603\" src=\"https:\/\/www.raum-planung.at\/wp-content\/uploads\/2024\/04\/ueber-uns-4-1024x603.webp\" alt=\"\" class=\"wp-image-1396\" srcset=\"https:\/\/www.raum-planung.at\/wp-content\/uploads\/2024\/04\/ueber-uns-4-1024x603.webp 1024w, https:\/\/www.raum-planung.at\/wp-content\/uploads\/2024\/04\/ueber-uns-4-300x177.webp 300w, https:\/\/www.raum-planung.at\/wp-content\/uploads\/2024\/04\/ueber-uns-4-768x452.webp 768w, https:\/\/www.raum-planung.at\/wp-content\/uploads\/2024\/04\/ueber-uns-4-1536x904.webp 1536w, https:\/\/www.raum-planung.at\/wp-content\/uploads\/2024\/04\/ueber-uns-4-772x454.webp 772w, https:\/\/www.raum-planung.at\/wp-content\/uploads\/2024\/04\/ueber-uns-4-1230x724.webp 1230w, https:\/\/www.raum-planung.at\/wp-content\/uploads\/2024\/04\/ueber-uns-4-314x185.webp 314w, https:\/\/www.raum-planung.at\/wp-content\/uploads\/2024\/04\/ueber-uns-4.webp 2048w\" sizes=\"(max-width: 1024px) 100vw, 1024px\" \/><\/figure>\n<\/div><\/div><\/div>\n<\/div><\/div>\n\n\n\n<div class=\"wp-block-stackable-divider stk-block-divider stk-block stk-24b8834\" data-block-id=\"24b8834\"><style>.stk-24b8834 hr.stk-block-divider__hr{width:100% !important}<\/style><hr class=\"stk-block-divider__hr\"\/><\/div>\n","protected":false},"excerpt":{"rendered":"<p>\u201eUnser B\u00fcro ist zuverl\u00e4ssiger Partner bei der L\u00f6sung und Umsetzung raumrelevanter Fragestellungen. Nehmen Sie mit uns Kontakt auf, wir freuen uns, wenn wir Sie auf Ihrem Weg unterst\u00fctzen k\u00f6nnen!\u201c Dipl.-Ing.in Evelyn Brito und Dipl.-Ing. Florian Huysza Dipl.-Ing.in Evelyn Brito Ingenieurkonsulentin f\u00fcr Raumplanung und Raumordnung Nichtamtliche Sachverst\u00e4ndige in Nieder\u00f6sterreich f\u00fcr Raumplanung und Raumordnung T: 02573 21919-11M: &hellip; <a href=\"https:\/\/www.raum-planung.at\/index.php\/team\/\" class=\"more-link\"><span class=\"screen-reader-text\">Team<\/span> weiterlesen<\/a><\/p>\n","protected":false},"author":7,"featured_media":0,"parent":0,"menu_order":0,"comment_status":"closed","ping_status":"closed","template":"page-templates\/full-width-page.php","meta":{"footnotes":""},"_links":{"self":[{"href":"https:\/\/www.raum-planung.at\/index.php\/wp-json\/wp\/v2\/pages\/77"}],"collection":[{"href":"https:\/\/www.raum-planung.at\/index.php\/wp-json\/wp\/v2\/pages"}],"about":[{"href":"https:\/\/www.raum-planung.at\/index.php\/wp-json\/wp\/v2\/types\/page"}],"author":[{"embeddable":true,"href":"https:\/\/www.raum-planung.at\/index.php\/wp-json\/wp\/v2\/users\/7"}],"replies":[{"embeddable":true,"href":"https:\/\/www.raum-planung.at\/index.php\/wp-json\/wp\/v2\/comments?post=77"}],"version-history":[{"count":54,"href":"https:\/\/www.raum-planung.at\/index.php\/wp-json\/wp\/v2\/pages\/77\/revisions"}],"predecessor-version":[{"id":1754,"href":"https:\/\/www.raum-planung.at\/index.php\/wp-json\/wp\/v2\/pages\/77\/revisions\/1754"}],"wp:attachment":[{"href":"https:\/\/www.raum-planung.at\/index.php\/wp-json\/wp\/v2\/media?parent=77"}],"curies":[{"name":"wp","href":"https:\/\/api.w.org\/{rel}","templated":true}]}}