{"id":496,"date":"2018-09-11T18:30:40","date_gmt":"2018-09-11T18:30:40","guid":{"rendered":"http:\/\/www.raum-planung.at\/?page_id=496"},"modified":"2025-03-26T10:19:26","modified_gmt":"2025-03-26T10:19:26","slug":"impressum","status":"publish","type":"page","link":"https:\/\/www.raum-planung.at\/index.php\/impressum\/","title":{"rendered":"Datenschutzerkl\u00e4rung und Impressum"},"content":{"rendered":"<h2>Unternehmensdaten<\/h2>\n<p><strong>Raumplanung | Stadtplanung Brito &#8211; Huysza ZT OG<br \/>\n<\/strong><\/p>\n<p>Ziviltechnikergesellschaft f\u00fcr Raumplanung und Raumordnung<\/p>\n<p><strong>Gesellschafter:<\/strong> Dipl. Ing. Evelyn Brito, Dipl. Ing. Florian Huysza<\/p>\n<p><strong>Sitz:<\/strong> Marktplatz 18-20\/3, 2193 Wilfersdorf, Austria<\/p>\n<p><strong>UID-Nummer:<\/strong> ATU78879705<\/p>\n<p><strong>Firmenbuchnummer:<\/strong> 594227p<\/p>\n<p><strong>Firmenbuchgericht:<\/strong> Korneuburg<\/p>\n<p><strong>Anwendbare Rechtsvorschriften und Zugang dazu:<\/strong> Ziviltechnikergesetz (ZTG 2019) \/<br \/>\nZugang : ww.ris.bka.gv.at<\/p>\n<p><strong>Aufsichtsbeh\u00f6rde\/Gewerbebeh\u00f6rde:<\/strong> Bundesministerium f\u00fcr Arbeit und Wirtschaft<\/p>\n<p><strong>Berufsbezeichnung:<\/strong> Ingenieurkonsulenten f\u00fcr Raumplanung und Raumordnung<\/p>\n<p><strong>Verleihungsstaat:<\/strong> \u00d6sterreich<\/p>\n<h2>Kontaktdaten<\/h2>\n<p><strong>Tel:<\/strong> +43 2573 21919<br \/>\n<strong>E-Mail:<\/strong> <a href=\"&#109;&#97;&#x69;l&#116;&#x6f;&#x3a;o&#102;&#x66;&#x69;c&#101;&#x40;&#x72;a&#117;&#x6d;&#x2d;p&#108;&#x61;&#x6e;u&#110;&#x67;&#46;&#97;&#116;\">&#x6f;&#x66;&#x66;&#x69;&#99;&#101;&#64;ra&#x75;&#x6d;&#x2d;&#x70;&#108;&#97;nun&#x67;&#x2e;&#x61;&#x74;<\/a><\/p>\n<p>Mitglied der Bundeskammer der ZiviltechnikerInnen<\/p>\n<h2>Haftungshinweis<\/h2>\n<p>F\u00fcr externe Links und deren Inhalt wird keine Haftung \u00fcbernommen.<\/p>\n<h2>Datenschutzerkl\u00e4rung<\/h2>\n<p>Der Schutz Ihrer pers\u00f6nlichen Daten ist uns wichtig. Wir verarbeiten Ihre Daten ausschlie\u00dflich im Rahmen der gesetzlichen Bestimmungen. Nachfolgend informieren wir Sie \u00fcber die wichtigsten Aspekte der Datenverarbeitung im Rahmen unserer Website.<\/p>\n<p>Beim Besuch unserer Website werden Ihre IP-Adresse, Beginn und Ende der Sitzung f\u00fcr die Dauer dieser Sitzung erfasst. Dies ist aus den technischen Gr\u00fcnden Sicherheit sowie Schutz vor unberechtigten Zugriffen und Angriffen erforderlich und stellt damit ein berechtigtes Interesse i.S.v. Art 6 Abs 1 lit f DSGVO dar. Es handelt sich um eine technische Erforderlichkeit iSd. \u00a7 165 Abs 3 TKG. Soweit im Folgenden nichts anderes geregelt wird, werden diese Daten von uns nicht weiterverarbeitet.<\/p>\n<h3>Kontakt mit uns<\/h3>\n<p>Wenn Sie per E-Mail Kontakt mit uns aufnehmen, werden Ihre angegebenen Daten zwecks Bearbeitung der Anfrage und f\u00fcr den Fall von weiteren Fragen 36 Monate bei uns gespeichert. Diese Daten geben wir nicht ohne Ihre Einwilligung weiter.<\/p>\n<p>Unser Provider NA-NET Communications GmbH, Neudorf 276, A-2135 Neudorf bei Staatz verspeichert seine Daten auf Servern und Datentr\u00e4gern in \u00d6sterreich. Aus Log-Dateien der Website werden Daten f\u00fcr die Webstatistik AWStats generiert. Reputationsdaten aus den Log Dateien von E-Mails werden zur laufenden Verbesserung des Spamfilters sowie zum allgemeinen Spamschutz verarbeitet (Spamfilter, Blacklists). Die Dauer der Speicherung dieser Log Dateien betr\u00e4gt 8 Wochen.<\/p>\n<h3>Ihre Rechte<\/h3>\n<p>Sie haben grunds\u00e4tzlich das Recht auf Auskunft, Berichtigung, L\u00f6schung, Einschr\u00e4nkung der Verarbeitung, Daten\u00fcbertragbarkeit, Widerruf und Widerspruch. Wenn Sie glauben, dass die Verarbeitung Ihrer Daten gegen das Datenschutzrecht verst\u00f6\u00dft oder Ihre datenschutzrechtlichen Anspr\u00fcche in einer anderen Weise verletzt worden sind, k\u00f6nnen Sie sich bei uns &#x6f;&#102;&#102;i&#x63;&#x65;&#64;r&#x61;&#x75;&#109;-&#x70;&#x6c;&#97;n&#x75;&#x6e;&#103;&#46;&#x61;&#x74; oder bei der Datenschutzbeh\u00f6rde beschweren.<\/p>\n<h3>Unsere Kontaktdaten<\/h3>\n<p><strong>Raumplanung | Stadtplanung Brito &#8211; Huysza ZT OG<br \/>\n<\/strong><\/p>\n<p><strong>Tel.:<\/strong> +43 &#8211; 2573 &#8211; 21919<br \/>\n<strong>Email:<\/strong> <a href=\"&#x6d;&#x61;&#105;l&#x74;&#x6f;&#58;of&#x66;&#x69;&#99;e&#x40;&#x72;&#97;&#117;m&#x2d;&#x70;&#108;a&#x6e;&#x75;&#110;&#103;&#46;&#x61;&#x74;\">&#111;&#x66;&#102;&#x69;&#99;&#x65;&#64;&#x72;a&#x75;m&#x2d;p&#x6c;a&#110;&#x75;&#110;&#x67;&#46;&#x61;&#116;<\/a><\/p>\n<p><img loading=\"lazy\" decoding=\"async\" class=\"alignleft size-full wp-image-836\" src=\"http:\/\/www.raum-planung.at\/wp-content\/uploads\/2018\/11\/zt_logo_WNB_Mitglied-700px.jpg\" alt=\"Das Planungsb\u00fcro Raumplanung | Stadtplanung in Stillfried (Nieder\u00f6sterreich) ist Mitglied der Kammer der ZiviltechnikerInnen | ArchitektInnen und IngeneurInnen - Wien. Nieder\u00f6sterreich. Burgenland\" width=\"700\" height=\"211\" srcset=\"https:\/\/www.raum-planung.at\/wp-content\/uploads\/2018\/11\/zt_logo_WNB_Mitglied-700px.jpg 700w, https:\/\/www.raum-planung.at\/wp-content\/uploads\/2018\/11\/zt_logo_WNB_Mitglied-700px-300x90.jpg 300w, https:\/\/www.raum-planung.at\/wp-content\/uploads\/2018\/11\/zt_logo_WNB_Mitglied-700px-314x95.jpg 314w\" sizes=\"(max-width: 700px) 100vw, 700px\" \/><\/p>\n<h3><\/h3>\n<h3><\/h3>\n<h3><\/h3>\n<h3><\/h3>\n<p>&nbsp;<\/p>\n<p><strong>Cookies<\/strong><br \/>\nUnsere Website verwendet sogenannte Cookies. Dabei handelt es sich um kleine Textdateien, die mit Hilfe des Browsers auf Ihrem Endger\u00e4t abgelegt werden. Sie richten keinen Schaden an. Wir nutzen Cookies dazu, unser Angebot nutzerfreundlich zu gestalten. Einige Cookies bleiben auf Ihrem Endger\u00e4t gespeichert, bis Sie diese l\u00f6schen. Sie erm\u00f6glichen es uns, Ihren Browser beim n\u00e4chsten Besuch wiederzuerkennen. Wenn Sie dies nicht w\u00fcnschen, so k\u00f6nnen Sie Ihren Browser so einrichten, dass er Sie \u00fcber das Setzen von Cookies informiert und Sie dies nur im Einzelfall erlauben. Bei der Deaktivierung von Cookies kann die Funktionalit\u00e4t unserer Website eingeschr\u00e4nkt sein.<\/p>\n<p>\u00dcbermittlung in Drittstaaten<br \/>\nEine \u00dcbermittlung von Daten in die USA kann nicht ausgeschlossen werden.<\/p>\n<p>Rechtsgrundlage und Widerrufsm\u00f6glichkeit<br \/>\nf\u00fcr diese Datenverarbeitung ist Ihre Einwilligung, Art.6 Abs.1 S.1 lit.a DSGVO. Sie k\u00f6nnen Ihre Einwilligung jederzeit mit Wirkung f\u00fcr die Zukunft widerrufen.<\/p>\n<p><code>[cookies_revoke]<\/code><\/p>\n<p>N\u00e4here Informationen zu Nutzungsbedingungen von Google Analytics und zum Datenschutz bei Google finden Sie unter https:\/\/marketingplatform.google.com\/about\/analytics\/terms\/de\/ und unter https:\/\/policies.google.com\/?hl=de.<\/p>\n<h3>Webdesign<\/h3>\n<p><a href=\"https:\/\/ebenanders.at\/\" target=\"_blank\" rel=\"noopener\">ebenanders<\/a><\/p>\n<h3>Bildaufnahmen<\/h3>\n<p><a href=\"http:\/\/www.claudiamuellner.at\">Claudia M\u00fcllner Photography<\/a><\/p>\n","protected":false},"excerpt":{"rendered":"<p>Impressum des Planungsb\u00fcros Raumplanung &#8211; Stadtplanung in Stillfried<\/p>\n","protected":false},"author":2,"featured_media":0,"parent":0,"menu_order":0,"comment_status":"closed","ping_status":"closed","template":"","meta":{"footnotes":""},"_links":{"self":[{"href":"https:\/\/www.raum-planung.at\/index.php\/wp-json\/wp\/v2\/pages\/496"}],"collection":[{"href":"https:\/\/www.raum-planung.at\/index.php\/wp-json\/wp\/v2\/pages"}],"about":[{"href":"https:\/\/www.raum-planung.at\/index.php\/wp-json\/wp\/v2\/types\/page"}],"author":[{"embeddable":true,"href":"https:\/\/www.raum-planung.at\/index.php\/wp-json\/wp\/v2\/users\/2"}],"replies":[{"embeddable":true,"href":"https:\/\/www.raum-planung.at\/index.php\/wp-json\/wp\/v2\/comments?post=496"}],"version-history":[{"count":26,"href":"https:\/\/www.raum-planung.at\/index.php\/wp-json\/wp\/v2\/pages\/496\/revisions"}],"predecessor-version":[{"id":1749,"href":"https:\/\/www.raum-planung.at\/index.php\/wp-json\/wp\/v2\/pages\/496\/revisions\/1749"}],"wp:attachment":[{"href":"https:\/\/www.raum-planung.at\/index.php\/wp-json\/wp\/v2\/media?parent=496"}],"curies":[{"name":"wp","href":"https:\/\/api.w.org\/{rel}","templated":true}]}}