{"id":38,"date":"2018-02-24T17:11:41","date_gmt":"2018-02-24T17:11:41","guid":{"rendered":"https:\/\/raumplanung789025437.wordpress.com\/?page_id=38"},"modified":"2019-02-25T09:14:20","modified_gmt":"2019-02-25T09:14:20","slug":"stadtplanung","status":"publish","type":"page","link":"https:\/\/www.raum-planung.at\/index.php\/stadtplanung\/","title":{"rendered":"Landschaftsplanung"},"content":{"rendered":"<p>Wir beraten Sie gerne in allen Fragen der Landschaftsplanung und freuen uns \u00fcber Ihren Anruf oder eine Email, um einen unverbindlichen Gespr\u00e4chstermin zu vereinbaren!<\/p>\n<h3>Landschaftsbildbewertung<\/h3>\n<p>Vor Umsetzung stark raumwirksamer Projekte (wie etwa Windkraftanlagen, aber auch Vorhaben in landschaftlich sensiblen Bereichen) helfen Landschaftsbildbewertungen, die Auswirkungen abzusch\u00e4tzen. F\u00fcr naturschutzrechtlich bewilligungspflichtige Vorhaben und im Rahmen von Umweltvertr\u00e4glichkeitspr\u00fcfungsverfahren ist ihre Durchf\u00fchrung verpflichtend, aber auch in anderen F\u00e4llen helfen sie bei der Veranschaulichung von Projekten.<\/p>\n<p>Unser B\u00fcro analysiert die betroffene Landschaft und setzt sich mit dem Vorhaben und notwendigen Visualisierungen auseinander, um letztendlich die Beurteilung der zu erwartenden Auswirkungen auf das Landschaftsbild treffen zu k\u00f6nnen.<\/p>\n<h3>Landschaftskonzept<\/h3>\n<p><img loading=\"lazy\" decoding=\"async\" class=\"size-medium wp-image-468 alignright\" src=\"http:\/\/www.raum-planung.at\/wp-content\/uploads\/2018\/09\/landschaftplanung_1_400x250-1-300x188.jpg\" alt=\"\" width=\"300\" height=\"188\" srcset=\"https:\/\/www.raum-planung.at\/wp-content\/uploads\/2018\/09\/landschaftplanung_1_400x250-1-300x188.jpg 300w, https:\/\/www.raum-planung.at\/wp-content\/uploads\/2018\/09\/landschaftplanung_1_400x250-1-307x192.jpg 307w, https:\/\/www.raum-planung.at\/wp-content\/uploads\/2018\/09\/landschaftplanung_1_400x250-1.jpg 400w\" sizes=\"(max-width: 300px) 100vw, 300px\" \/>Das Landschaftskonzept ist wesentlicher Bestandteil des \u00d6rtlichen Raumordnungsprogrammes und unterst\u00fctzt die bestm\u00f6gliche Nutzung und Sicherung des Lebensraumes.<\/p>\n<p>Aufbauend auf die Erhebung der Funktionen der Landschaftsr\u00e4ume bewertet unser Team bei der Erarbeitung des Landschaftskonzeptes die naturr\u00e4umliche Situation in ihrer Ausstattung und Dynamik und zeigt Entwicklungsm\u00f6glichkeiten, Nutzungskonflikte und Nutzungsoptionen auf. Ziel ist ein Interessensausgleich zur Lenkung der bestm\u00f6glichen Verteilung der vielf\u00e4ltigen Nutzungsanspr\u00fcche an die Landschaft.<\/p>\n<p>&nbsp;<\/p>\n","protected":false},"excerpt":{"rendered":"<p>Die Einbindung und Ber\u00fccksichtigung der Landschaft in unsere Planung stellt einen wesentlichen Aspekt unserer Arbeit dar.<\/p>\n","protected":false},"author":1,"featured_media":397,"parent":0,"menu_order":2,"comment_status":"closed","ping_status":"closed","template":"","meta":{"footnotes":""},"_links":{"self":[{"href":"https:\/\/www.raum-planung.at\/index.php\/wp-json\/wp\/v2\/pages\/38"}],"collection":[{"href":"https:\/\/www.raum-planung.at\/index.php\/wp-json\/wp\/v2\/pages"}],"about":[{"href":"https:\/\/www.raum-planung.at\/index.php\/wp-json\/wp\/v2\/types\/page"}],"author":[{"embeddable":true,"href":"https:\/\/www.raum-planung.at\/index.php\/wp-json\/wp\/v2\/users\/1"}],"replies":[{"embeddable":true,"href":"https:\/\/www.raum-planung.at\/index.php\/wp-json\/wp\/v2\/comments?post=38"}],"version-history":[{"count":18,"href":"https:\/\/www.raum-planung.at\/index.php\/wp-json\/wp\/v2\/pages\/38\/revisions"}],"predecessor-version":[{"id":1010,"href":"https:\/\/www.raum-planung.at\/index.php\/wp-json\/wp\/v2\/pages\/38\/revisions\/1010"}],"wp:featuredmedia":[{"embeddable":true,"href":"https:\/\/www.raum-planung.at\/index.php\/wp-json\/wp\/v2\/media\/397"}],"wp:attachment":[{"href":"https:\/\/www.raum-planung.at\/index.php\/wp-json\/wp\/v2\/media?parent=38"}],"curies":[{"name":"wp","href":"https:\/\/api.w.org\/{rel}","templated":true}]}}