{"id":224,"date":"2018-06-07T16:38:57","date_gmt":"2018-06-07T16:38:57","guid":{"rendered":"http:\/\/www.raum-planung.at\/?page_id=224"},"modified":"2019-02-25T09:32:37","modified_gmt":"2019-02-25T09:32:37","slug":"burgerbeteiligung","status":"publish","type":"page","link":"https:\/\/www.raum-planung.at\/index.php\/burgerbeteiligung\/","title":{"rendered":"Beteiligungsprozesse"},"content":{"rendered":"<p><img loading=\"lazy\" decoding=\"async\" class=\"wp-image-472 alignleft\" src=\"http:\/\/www.raum-planung.at\/wp-content\/uploads\/2018\/09\/beteiligungsprozesse_2_400x267-300x200.jpg\" alt=\"Beteiligungsprozesse beim Planungsb\u00fcro Stadtplanung - Raumplanung in Stillfried\" width=\"276\" height=\"184\" srcset=\"https:\/\/www.raum-planung.at\/wp-content\/uploads\/2018\/09\/beteiligungsprozesse_2_400x267-300x200.jpg 300w, https:\/\/www.raum-planung.at\/wp-content\/uploads\/2018\/09\/beteiligungsprozesse_2_400x267-288x192.jpg 288w, https:\/\/www.raum-planung.at\/wp-content\/uploads\/2018\/09\/beteiligungsprozesse_2_400x267.jpg 400w\" sizes=\"(max-width: 276px) 100vw, 276px\" \/>Die Beteiligung der Bev\u00f6lkerung an Fragen der Gemeindeentwicklung ist ein wesentlicher Bestandteil von Entscheidungsprozessen, um die Akzeptanz zu erh\u00f6hen und eine gr\u00f6\u00dfere Zufriedenheit in der Gemeinde zu erreichen.<\/p>\n<p>So k\u00f6nnen bei der Erarbeitung von \u00d6rtlichen Entwicklungskonzepten durch die gezielte Einbindung der Bev\u00f6lkerung vielf\u00e4ltige Anforderungen ber\u00fccksichtigt und Entwicklungsm\u00f6glichkeiten bedacht werden, die sonst ohne das Wiss<span style=\"color: #000000;\">en und die Bed\u00fcrfnisse der vor Ort Lebenden und T\u00e4tigen nich<\/span>t miteinbezogen geworden w\u00e4ren.<\/p>\n<p>Im Zuge zahlreicher der von uns begleiteten Projekte hat sich gezeigt, dass die Einbindung der Bev\u00f6lkerung wie bei der Nutzung und Gestaltung des Wohnumfeldes, der Erarbeitung von \u00d6rtlichen Entwicklungskonzepten oder vergleichbaren Vorhaben deutliche Vorteile f\u00fcr alle Beteiligten bringt. Die B\u00fcrgerInnen werden als ExpertInnen angeh\u00f6rt und bringen ihr Fachwissen um den Heimatort ein, ihre W\u00fcnsche und Anliegen werden geh\u00f6rt und k\u00f6nnen ber\u00fccksichtigt werden.<img loading=\"lazy\" decoding=\"async\" class=\"alignright\" src=\"http:\/\/www.raum-planung.at\/wp-content\/uploads\/2018\/09\/buergerprozesse_1_280x400-210x300.jpg\" alt=\"Beteiligungsprozesse beim Planungsb\u00fcro Stadtplanung - Raumplanung in Stillfried\" width=\"209\" height=\"299\" \/><\/p>\n<p>Die Planungsarbeiten erfolgen auf Wunsch in enger Zusammenarbeit mit den k\u00fcnftigen BewohnerInnen \u2013 im Rahmen von Informationsveranstaltungen werden den TeilnehmerInnen die Grunds\u00e4tze und Herausforderungen der Raumplanung und Bebauungsplanung\u00a0(Bodenverbrauch, Kosten f\u00fcr Erschlie\u00dfung und Entsorgung sowie Wohnqualit\u00e4t der unterschiedlichen Bebauungsweisen etc.) n\u00e4hergebracht, um anschlie\u00dfend mit ihnen gemeinsam in Workshops beispielsweise Parzellierungsentw\u00fcrfe und Gestaltungskonzepte zu erarbeiten. Diese Vorgehensweise f\u00fchrt erfahrungsgem\u00e4\u00df zu einer Optimierung der Siedlungsgestaltung bei gleichzeitig hoher Akzeptanz durch die k\u00fcnftigen BewohnerInnen, da diese entscheidend am Entstehungsprozess beteiligt waren und die Planung mittragen.<\/p>\n<p>Gerne beraten wir Sie zum Ablauf eines solchen Beteiligungsverfahrens und informieren Sie \u00fcber bereits durchgef\u00fchrte Prozesse und umgesetzte Projekte!<\/p>\n<p>&nbsp;<\/p>\n","protected":false},"excerpt":{"rendered":"<p>Wir unterst\u00fctzen Gemeinden gerne bei der Miteinbeziehung der Bev\u00f6lkerung, um die Planung auf eine breite Basis zu stellen.<\/p>\n","protected":false},"author":2,"featured_media":400,"parent":0,"menu_order":3,"comment_status":"closed","ping_status":"closed","template":"","meta":{"footnotes":""},"_links":{"self":[{"href":"https:\/\/www.raum-planung.at\/index.php\/wp-json\/wp\/v2\/pages\/224"}],"collection":[{"href":"https:\/\/www.raum-planung.at\/index.php\/wp-json\/wp\/v2\/pages"}],"about":[{"href":"https:\/\/www.raum-planung.at\/index.php\/wp-json\/wp\/v2\/types\/page"}],"author":[{"embeddable":true,"href":"https:\/\/www.raum-planung.at\/index.php\/wp-json\/wp\/v2\/users\/2"}],"replies":[{"embeddable":true,"href":"https:\/\/www.raum-planung.at\/index.php\/wp-json\/wp\/v2\/comments?post=224"}],"version-history":[{"count":27,"href":"https:\/\/www.raum-planung.at\/index.php\/wp-json\/wp\/v2\/pages\/224\/revisions"}],"predecessor-version":[{"id":1240,"href":"https:\/\/www.raum-planung.at\/index.php\/wp-json\/wp\/v2\/pages\/224\/revisions\/1240"}],"wp:featuredmedia":[{"embeddable":true,"href":"https:\/\/www.raum-planung.at\/index.php\/wp-json\/wp\/v2\/media\/400"}],"wp:attachment":[{"href":"https:\/\/www.raum-planung.at\/index.php\/wp-json\/wp\/v2\/media?parent=224"}],"curies":[{"name":"wp","href":"https:\/\/api.w.org\/{rel}","templated":true}]}}