{"id":221,"date":"2018-06-07T16:35:39","date_gmt":"2018-06-07T16:35:39","guid":{"rendered":"http:\/\/www.raum-planung.at\/?page_id=221"},"modified":"2025-03-25T16:43:19","modified_gmt":"2025-03-25T16:43:19","slug":"home","status":"publish","type":"page","link":"https:\/\/www.raum-planung.at\/","title":{"rendered":"Zukunft gestalten"},"content":{"rendered":"\n<h2 class=\"wp-block-heading has-text-align-center\" data-block-type=\"core\">Raumplanung Stadtplanung <nobr>Brito-Huysza<\/nobr> <span class=\"header_normal\" style=\"font-weight: 300;\"><nobr>ZT OG<\/nobr><\/span><\/h2>\n\n\n\n<p class=\"has-text-align-center\" data-block-type=\"core\">Ingenieurkonsulenten f\u00fcr Raumplanung und Raumordnung<\/p>\n\n\n\n<div class=\"wp-block-stackable-spacer stk-block-spacer stk--no-padding stk-block stk-e21da5e\" data-block-id=\"e21da5e\"><style>.stk-e21da5e{height:25px !important}<\/style><\/div>\n\n\n\n<div class=\"wp-block-stackable-text stk-block-text stk-block stk-1449f6f\" data-block-id=\"1449f6f\"><p class=\"stk-block-text__text has-text-align-center\">Wir unterst\u00fctzen Sie als Gemeinde oder Projektant in Fragen der r\u00e4umlichen Entwicklung.<\/p><\/div>\n\n\n\n<div class=\"wp-block-stackable-spacer stk-block-spacer stk--no-padding stk-block stk-d7d36a6\" data-block-id=\"d7d36a6\"><\/div>\n\n\n\n<div class=\"wp-block-columns is-layout-flex wp-container-core-columns-is-layout-1 wp-block-columns-is-layout-flex\" data-block-type=\"core\">\n<div class=\"wp-block-column zentriert is-layout-flow wp-block-column-is-layout-flow\" data-block-type=\"core\">\n<div class=\"wp-block-stackable-image stk-block-image stk--hide-desktop stk--hide-tablet stk-block stk-734e1ff\" data-block-id=\"734e1ff\"><style>.stk-734e1ff{margin-bottom:0px !important}.stk-734e1ff .stk-img-wrapper{--stk-gradient-overlay:0 !important}<\/style><figure><span class=\"stk-img-wrapper stk-image--shape-stretch\"><img loading=\"lazy\" decoding=\"async\" class=\"stk-img wp-image-1294\" src=\"https:\/\/www.raum-planung.at\/wp-content\/uploads\/2024\/04\/home-1.jpg\" width=\"500\" height=\"268\" srcset=\"https:\/\/www.raum-planung.at\/wp-content\/uploads\/2024\/04\/home-1.jpg 500w, https:\/\/www.raum-planung.at\/wp-content\/uploads\/2024\/04\/home-1-300x161.jpg 300w, https:\/\/www.raum-planung.at\/wp-content\/uploads\/2024\/04\/home-1-314x168.jpg 314w\" sizes=\"(max-width: 500px) 100vw, 500px\" \/><\/span><\/figure><\/div>\n\n\n\n<div class=\"wp-block-stackable-text stk-block-text stk-block stk-ac4b468\" data-block-id=\"ac4b468\"><p class=\"stk-block-text__text\"><br><br>Komplexe fachliche und rechtliche Herausforderungen l\u00f6sen wir bestm\u00f6glich im Sinne unserer AuftraggeberInnen.<\/p><\/div>\n<\/div>\n\n\n\n<div class=\"wp-block-column is-layout-flow wp-block-column-is-layout-flow\" data-block-type=\"core\">\n<div class=\"wp-block-stackable-image stk-block-image stk--hide-mobile stk-block stk-9135e35\" data-block-id=\"9135e35\"><style>.stk-9135e35 .stk-img-wrapper{--stk-gradient-overlay:0 !important}<\/style><figure><span class=\"stk-img-wrapper stk-image--shape-stretch\"><img loading=\"lazy\" decoding=\"async\" class=\"stk-img wp-image-1294\" src=\"https:\/\/www.raum-planung.at\/wp-content\/uploads\/2024\/04\/home-1.jpg\" width=\"500\" height=\"268\" srcset=\"https:\/\/www.raum-planung.at\/wp-content\/uploads\/2024\/04\/home-1.jpg 500w, https:\/\/www.raum-planung.at\/wp-content\/uploads\/2024\/04\/home-1-300x161.jpg 300w, https:\/\/www.raum-planung.at\/wp-content\/uploads\/2024\/04\/home-1-314x168.jpg 314w\" sizes=\"(max-width: 500px) 100vw, 500px\" \/><\/span><\/figure><\/div>\n<\/div>\n<\/div>\n\n\n\n<div class=\"wp-block-columns is-layout-flex wp-container-core-columns-is-layout-2 wp-block-columns-is-layout-flex\" data-block-type=\"core\">\n<div class=\"wp-block-column zentriert is-layout-flow wp-block-column-is-layout-flow\" data-block-type=\"core\">\n<figure class=\"wp-block-image size-full\" data-block-type=\"core\"><img loading=\"lazy\" decoding=\"async\" width=\"500\" height=\"268\" src=\"https:\/\/www.raum-planung.at\/wp-content\/uploads\/2024\/04\/home-2.jpg\" alt=\"\" class=\"wp-image-1295\" style=\"object-fit:cover\" srcset=\"https:\/\/www.raum-planung.at\/wp-content\/uploads\/2024\/04\/home-2.jpg 500w, https:\/\/www.raum-planung.at\/wp-content\/uploads\/2024\/04\/home-2-300x161.jpg 300w, https:\/\/www.raum-planung.at\/wp-content\/uploads\/2024\/04\/home-2-314x168.jpg 314w\" sizes=\"(max-width: 500px) 100vw, 500px\" \/><\/figure>\n<\/div>\n\n\n\n<div class=\"wp-block-column is-layout-flow wp-block-column-is-layout-flow\" data-block-type=\"core\">\n<div class=\"wp-block-stackable-text stk-block-text stk-block stk-fa7cfa3\" data-block-id=\"fa7cfa3\"><p class=\"stk-block-text__text\"><br><br>Nachhaltige Planung bedeutet f\u00fcr uns, Auswirkungen auf das gesamte System zu ber\u00fccksichtigen.<\/p><\/div>\n<\/div>\n<\/div>\n\n\n\n<div class=\"wp-block-columns is-layout-flex wp-container-core-columns-is-layout-3 wp-block-columns-is-layout-flex\" data-block-type=\"core\">\n<div class=\"wp-block-column zentriert is-layout-flow wp-block-column-is-layout-flow\" data-block-type=\"core\">\n<div class=\"wp-block-stackable-image stk-block-image stk--hide-desktop stk--hide-tablet stk-block stk-2ad78fb\" data-block-id=\"2ad78fb\"><style>.stk-2ad78fb .stk-img-wrapper{--stk-gradient-overlay:0 !important}<\/style><figure><span class=\"stk-img-wrapper stk-image--shape-stretch\"><img loading=\"lazy\" decoding=\"async\" class=\"stk-img wp-image-1296\" src=\"https:\/\/www.raum-planung.at\/wp-content\/uploads\/2024\/04\/home-3.jpg\" width=\"500\" height=\"268\" srcset=\"https:\/\/www.raum-planung.at\/wp-content\/uploads\/2024\/04\/home-3.jpg 500w, https:\/\/www.raum-planung.at\/wp-content\/uploads\/2024\/04\/home-3-300x161.jpg 300w, https:\/\/www.raum-planung.at\/wp-content\/uploads\/2024\/04\/home-3-314x168.jpg 314w\" sizes=\"(max-width: 500px) 100vw, 500px\" \/><\/span><\/figure><\/div>\n\n\n\n<div class=\"wp-block-stackable-text stk-block-text stk-block stk-8da9d36\" data-block-id=\"8da9d36\"><p class=\"stk-block-text__text\"><br><br>Im Zuge des Prozesses beziehen wir alle Beteiligten in die Planung ein, sorgen f\u00fcr einen Ausgleich der Interessen und vermitteln die Ergebnisse verst\u00e4ndlich.<\/p><\/div>\n<\/div>\n\n\n\n<div class=\"wp-block-column is-layout-flow wp-block-column-is-layout-flow\" data-block-type=\"core\">\n<div class=\"wp-block-stackable-image stk-block-image stk--hide-mobile stk-block stk-6ce34e5\" data-block-id=\"6ce34e5\"><style>.stk-6ce34e5 .stk-img-wrapper{--stk-gradient-overlay:0 !important}<\/style><figure><span class=\"stk-img-wrapper stk-image--shape-stretch\"><img loading=\"lazy\" decoding=\"async\" class=\"stk-img wp-image-1296\" src=\"https:\/\/www.raum-planung.at\/wp-content\/uploads\/2024\/04\/home-3.jpg\" width=\"500\" height=\"268\" srcset=\"https:\/\/www.raum-planung.at\/wp-content\/uploads\/2024\/04\/home-3.jpg 500w, https:\/\/www.raum-planung.at\/wp-content\/uploads\/2024\/04\/home-3-300x161.jpg 300w, https:\/\/www.raum-planung.at\/wp-content\/uploads\/2024\/04\/home-3-314x168.jpg 314w\" sizes=\"(max-width: 500px) 100vw, 500px\" \/><\/span><\/figure><\/div>\n<\/div>\n<\/div>\n\n\n\n<div class=\"wp-block-stackable-spacer stk-block-spacer stk--no-padding stk-block stk-92225a4\" data-block-id=\"92225a4\"><\/div>\n\n\n\n<div class=\"wp-block-stackable-spacer stk-block-spacer stk--no-padding stk-block stk-3d4d699\" data-block-id=\"3d4d699\"><style>.stk-3d4d699{height:50px !important}<\/style><\/div>\n\n\n\n<div class=\"wp-block-columns is-layout-flex wp-container-core-columns-is-layout-4 wp-block-columns-is-layout-flex\" id=\"leistungen\" data-block-type=\"core\">\n<div class=\"wp-block-column is-layout-flow wp-block-column-is-layout-flow\" data-block-type=\"core\">\n<div class=\"wp-block-buttons has-custom-font-size has-medium-font-size is-layout-flex wp-block-buttons-is-layout-flex\" data-block-type=\"core\">\n<div class=\"wp-block-button frontpage big\" data-block-type=\"core\"><a class=\"wp-block-button__link has-black-color has-text-color has-background has-link-color wp-element-button\" href=\"https:\/\/www.raum-planung.at\/index.php\/aufgabenbereich\/aufgabenbereich-4\/#anker-raumplanung\" style=\"border-radius:13px;background-color:#fff37c\" rel=\"\">Raumplanung und<br>Bebauungsplanung<\/a><\/div>\n<\/div>\n<\/div>\n\n\n\n<div class=\"wp-block-column is-layout-flow wp-block-column-is-layout-flow\" data-block-type=\"core\">\n<div class=\"wp-block-buttons has-custom-font-size has-medium-font-size is-layout-flex wp-block-buttons-is-layout-flex\" data-block-type=\"core\">\n<div class=\"wp-block-button has-custom-font-size frontpage big has-medium-font-size\" data-block-type=\"core\"><a class=\"wp-block-button__link has-black-color has-text-color has-background has-link-color wp-element-button\" href=\"https:\/\/www.raum-planung.at\/index.php\/aufgabenbereich\/aufgabenbereich-4\/#anker-uvp\" style=\"border-radius:13px;background-color:#fff37c\" rel=\"\">UVP-Verfahren und<br>Energieraumplanung<\/a><\/div>\n<\/div>\n<\/div>\n\n\n\n<div class=\"wp-block-column is-layout-flow wp-block-column-is-layout-flow\" data-block-type=\"core\">\n<div class=\"wp-block-buttons has-custom-font-size has-medium-font-size is-layout-flex wp-block-buttons-is-layout-flex\" data-block-type=\"core\">\n<div class=\"wp-block-button has-custom-font-size frontpage big has-medium-font-size\" data-block-type=\"core\"><a class=\"wp-block-button__link has-black-color has-text-color has-background has-link-color wp-element-button\" href=\"https:\/\/www.raum-planung.at\/index.php\/aufgabenbereich\/aufgabenbereich-4\/#anker-lp\" style=\"border-radius:13px;background-color:#fff37c\" rel=\"\">Landschaftsplanung<br><\/a><\/div>\n<\/div>\n<\/div>\n<\/div>\n\n\n\n<div class=\"wp-block-buttons has-custom-font-size grau has-medium-font-size is-layout-flex wp-block-buttons-is-layout-flex\" data-block-type=\"core\">\n<div class=\"wp-block-button\" data-block-type=\"core\"><a class=\"wp-block-button__link has-black-color has-text-color has-background has-link-color wp-element-button\" href=\"https:\/\/www.raum-planung.at\/index.php\/aufgabenbereich\/aufgabenbereich-4\/#anker-weitere\" style=\"border-radius:12px;background-color:#fff37c\">Weitere Leistungen<\/a><\/div>\n<\/div>\n\n\n\n<div class=\"wp-block-buttons has-custom-font-size grau has-medium-font-size is-layout-flex wp-block-buttons-is-layout-flex\" data-block-type=\"core\"><\/div>\n","protected":false},"excerpt":{"rendered":"<p>Raumplanung Stadtplanung Brito-Huysza ZT OG Ingenieurkonsulenten f\u00fcr Raumplanung und Raumordnung Wir unterst\u00fctzen Sie als Gemeinde oder Projektant in Fragen der r\u00e4umlichen Entwicklung. Komplexe fachliche und rechtliche Herausforderungen l\u00f6sen wir bestm\u00f6glich im Sinne unserer AuftraggeberInnen. Nachhaltige Planung bedeutet f\u00fcr uns, Auswirkungen auf das gesamte System zu ber\u00fccksichtigen. Im Zuge des Prozesses beziehen wir alle Beteiligten in &hellip; <a href=\"https:\/\/www.raum-planung.at\/\" class=\"more-link\"><span class=\"screen-reader-text\">Zukunft gestalten<\/span> weiterlesen<\/a><\/p>\n","protected":false},"author":7,"featured_media":1700,"parent":0,"menu_order":0,"comment_status":"closed","ping_status":"closed","template":"page-templates\/full-width-page.php","meta":{"footnotes":""},"_links":{"self":[{"href":"https:\/\/www.raum-planung.at\/index.php\/wp-json\/wp\/v2\/pages\/221"}],"collection":[{"href":"https:\/\/www.raum-planung.at\/index.php\/wp-json\/wp\/v2\/pages"}],"about":[{"href":"https:\/\/www.raum-planung.at\/index.php\/wp-json\/wp\/v2\/types\/page"}],"author":[{"embeddable":true,"href":"https:\/\/www.raum-planung.at\/index.php\/wp-json\/wp\/v2\/users\/7"}],"replies":[{"embeddable":true,"href":"https:\/\/www.raum-planung.at\/index.php\/wp-json\/wp\/v2\/comments?post=221"}],"version-history":[{"count":106,"href":"https:\/\/www.raum-planung.at\/index.php\/wp-json\/wp\/v2\/pages\/221\/revisions"}],"predecessor-version":[{"id":1744,"href":"https:\/\/www.raum-planung.at\/index.php\/wp-json\/wp\/v2\/pages\/221\/revisions\/1744"}],"wp:featuredmedia":[{"embeddable":true,"href":"https:\/\/www.raum-planung.at\/index.php\/wp-json\/wp\/v2\/media\/1700"}],"wp:attachment":[{"href":"https:\/\/www.raum-planung.at\/index.php\/wp-json\/wp\/v2\/media?parent=221"}],"curies":[{"name":"wp","href":"https:\/\/api.w.org\/{rel}","templated":true}]}}